{"id":1764,"date":"2018-04-11T20:30:40","date_gmt":"2018-04-11T20:30:40","guid":{"rendered":"https:\/\/naturoc.ca\/?page_id=1764"},"modified":"2025-09-14T21:52:47","modified_gmt":"2025-09-15T01:52:47","slug":"natural-stones","status":"publish","type":"page","link":"https:\/\/naturoc.ca\/en\/","title":{"rendered":"Ciot Distribution \u2013 Naturoc Natural Stones"},"content":{"rendered":"<p>[et_pb_section fb_built=&#8221;1&#8243; fullwidth=&#8221;on&#8221; _builder_version=&#8221;4.16&#8243; animation_style=&#8221;fade&#8221; global_colors_info=&#8221;{}&#8221;][et_pb_fullwidth_slider _builder_version=&#8221;4.16&#8243; height_tablet=&#8221;auto&#8221; height_phone=&#8221;auto&#8221; height_last_edited=&#8221;on|desktop&#8221; custom_padding=&#8221;||113px|||&#8221; auto=&#8221;on&#8221; global_colors_info=&#8221;{}&#8221; button_text_size__hover_enabled=&#8221;off&#8221; button_one_text_size__hover_enabled=&#8221;off&#8221; button_two_text_size__hover_enabled=&#8221;off&#8221; button_text_color__hover_enabled=&#8221;off&#8221; button_one_text_color__hover_enabled=&#8221;off&#8221; button_two_text_color__hover_enabled=&#8221;off&#8221; button_border_width__hover_enabled=&#8221;off&#8221; button_one_border_width__hover_enabled=&#8221;off&#8221; button_two_border_width__hover_enabled=&#8221;off&#8221; button_border_color__hover_enabled=&#8221;off&#8221; button_one_border_color__hover_enabled=&#8221;off&#8221; button_two_border_color__hover_enabled=&#8221;off&#8221; button_border_radius__hover_enabled=&#8221;off&#8221; button_one_border_radius__hover_enabled=&#8221;off&#8221; button_two_border_radius__hover_enabled=&#8221;off&#8221; button_letter_spacing__hover_enabled=&#8221;off&#8221; button_one_letter_spacing__hover_enabled=&#8221;off&#8221; button_two_letter_spacing__hover_enabled=&#8221;off&#8221; button_bg_color__hover_enabled=&#8221;off&#8221; button_one_bg_color__hover_enabled=&#8221;off&#8221; button_two_bg_color__hover_enabled=&#8221;off&#8221;][et_pb_slide heading=&#8221;D\u00e9couvrez nos pierres naturelles&#8221; button_text=&#8221;Voir nos produits&#8221; button_link=&#8221;https:\/\/naturoc.ca\/categorie-produit\/quartzite\/&#8221; use_bg_overlay=&#8221;off&#8221; use_text_overlay=&#8221;off&#8221; _builder_version=&#8221;4.16&#8243; background_color=&#8221;#ffffff&#8221; background_image=&#8221;https:\/\/naturoc.ca\/wp-content\/uploads\/2020\/02\/WEB_Naturoc_lifestyle_doverwhite_1920x800.jpg&#8221; background_enable_image=&#8221;on&#8221; custom_button=&#8221;on&#8221; button_text_color=&#8221;#e09900&#8243; button_use_icon=&#8221;on&#8221; button_on_hover=&#8221;on&#8221; global_colors_info=&#8221;{}&#8221; button_text_size__hover_enabled=&#8221;off&#8221; button_one_text_size__hover_enabled=&#8221;off&#8221; button_two_text_size__hover_enabled=&#8221;off&#8221; button_text_color__hover_enabled=&#8221;off&#8221; button_one_text_color__hover_enabled=&#8221;off&#8221; button_two_text_color__hover_enabled=&#8221;off&#8221; button_border_width__hover_enabled=&#8221;off&#8221; button_one_border_width__hover_enabled=&#8221;off&#8221; button_two_border_width__hover_enabled=&#8221;off&#8221; button_border_color__hover_enabled=&#8221;off&#8221; button_one_border_color__hover_enabled=&#8221;off&#8221; button_two_border_color__hover_enabled=&#8221;off&#8221; button_border_radius__hover_enabled=&#8221;off&#8221; button_one_border_radius__hover_enabled=&#8221;off&#8221; button_two_border_radius__hover_enabled=&#8221;off&#8221; button_letter_spacing__hover_enabled=&#8221;off&#8221; button_one_letter_spacing__hover_enabled=&#8221;off&#8221; button_two_letter_spacing__hover_enabled=&#8221;off&#8221; button_bg_color__hover_enabled=&#8221;off&#8221; button_one_bg_color__hover_enabled=&#8221;off&#8221; button_two_bg_color__hover_enabled=&#8221;off&#8221; sticky_transition=&#8221;on&#8221;][\/et_pb_slide][et_pb_slide use_bg_overlay=&#8221;off&#8221; use_text_overlay=&#8221;off&#8221; _builder_version=&#8221;4.16&#8243; background_image=&#8221;https:\/\/naturoc.ca\/wp-content\/uploads\/2020\/01\/Emotion-Quartzite_Naturoc-1.jpg&#8221; background_enable_image=&#8221;on&#8221; button_on_hover=&#8221;on&#8221; global_colors_info=&#8221;{}&#8221; button_text_size__hover_enabled=&#8221;off&#8221; button_one_text_size__hover_enabled=&#8221;off&#8221; button_two_text_size__hover_enabled=&#8221;off&#8221; button_text_color__hover_enabled=&#8221;off&#8221; button_one_text_color__hover_enabled=&#8221;off&#8221; button_two_text_color__hover_enabled=&#8221;off&#8221; button_border_width__hover_enabled=&#8221;off&#8221; button_one_border_width__hover_enabled=&#8221;off&#8221; button_two_border_width__hover_enabled=&#8221;off&#8221; button_border_color__hover_enabled=&#8221;off&#8221; button_one_border_color__hover_enabled=&#8221;off&#8221; button_two_border_color__hover_enabled=&#8221;off&#8221; button_border_radius__hover_enabled=&#8221;off&#8221; button_one_border_radius__hover_enabled=&#8221;off&#8221; button_two_border_radius__hover_enabled=&#8221;off&#8221; button_letter_spacing__hover_enabled=&#8221;off&#8221; button_one_letter_spacing__hover_enabled=&#8221;off&#8221; button_two_letter_spacing__hover_enabled=&#8221;off&#8221; button_bg_color__hover_enabled=&#8221;off&#8221; button_one_bg_color__hover_enabled=&#8221;off&#8221; button_two_bg_color__hover_enabled=&#8221;off&#8221; sticky_transition=&#8221;on&#8221;][\/et_pb_slide][et_pb_slide use_bg_overlay=&#8221;off&#8221; use_text_overlay=&#8221;off&#8221; _builder_version=&#8221;4.16&#8243; background_image=&#8221;https:\/\/naturoc.ca\/wp-content\/uploads\/2020\/01\/Crystal-Tiffany_Naturoc-1.jpg&#8221; background_enable_image=&#8221;on&#8221; button_on_hover=&#8221;on&#8221; global_colors_info=&#8221;{}&#8221; button_text_size__hover_enabled=&#8221;off&#8221; button_one_text_size__hover_enabled=&#8221;off&#8221; button_two_text_size__hover_enabled=&#8221;off&#8221; button_text_color__hover_enabled=&#8221;off&#8221; button_one_text_color__hover_enabled=&#8221;off&#8221; button_two_text_color__hover_enabled=&#8221;off&#8221; button_border_width__hover_enabled=&#8221;off&#8221; button_one_border_width__hover_enabled=&#8221;off&#8221; button_two_border_width__hover_enabled=&#8221;off&#8221; button_border_color__hover_enabled=&#8221;off&#8221; button_one_border_color__hover_enabled=&#8221;off&#8221; button_two_border_color__hover_enabled=&#8221;off&#8221; button_border_radius__hover_enabled=&#8221;off&#8221; button_one_border_radius__hover_enabled=&#8221;off&#8221; button_two_border_radius__hover_enabled=&#8221;off&#8221; button_letter_spacing__hover_enabled=&#8221;off&#8221; button_one_letter_spacing__hover_enabled=&#8221;off&#8221; button_two_letter_spacing__hover_enabled=&#8221;off&#8221; button_bg_color__hover_enabled=&#8221;off&#8221; button_one_bg_color__hover_enabled=&#8221;off&#8221; button_two_bg_color__hover_enabled=&#8221;off&#8221; sticky_transition=&#8221;on&#8221;][\/et_pb_slide][et_pb_slide use_bg_overlay=&#8221;off&#8221; use_text_overlay=&#8221;off&#8221; _builder_version=&#8221;4.16&#8243; background_image=&#8221;https:\/\/naturoc.ca\/wp-content\/uploads\/2020\/02\/WEB_Naturoc_lifestyle_sydney_1920x800-2.jpg&#8221; background_enable_image=&#8221;on&#8221; button_on_hover=&#8221;on&#8221; global_colors_info=&#8221;{}&#8221; button_text_size__hover_enabled=&#8221;off&#8221; button_one_text_size__hover_enabled=&#8221;off&#8221; button_two_text_size__hover_enabled=&#8221;off&#8221; button_text_color__hover_enabled=&#8221;off&#8221; button_one_text_color__hover_enabled=&#8221;off&#8221; button_two_text_color__hover_enabled=&#8221;off&#8221; button_border_width__hover_enabled=&#8221;off&#8221; button_one_border_width__hover_enabled=&#8221;off&#8221; button_two_border_width__hover_enabled=&#8221;off&#8221; button_border_color__hover_enabled=&#8221;off&#8221; button_one_border_color__hover_enabled=&#8221;off&#8221; button_two_border_color__hover_enabled=&#8221;off&#8221; button_border_radius__hover_enabled=&#8221;off&#8221; button_one_border_radius__hover_enabled=&#8221;off&#8221; button_two_border_radius__hover_enabled=&#8221;off&#8221; button_letter_spacing__hover_enabled=&#8221;off&#8221; button_one_letter_spacing__hover_enabled=&#8221;off&#8221; button_two_letter_spacing__hover_enabled=&#8221;off&#8221; button_bg_color__hover_enabled=&#8221;off&#8221; button_one_bg_color__hover_enabled=&#8221;off&#8221; button_two_bg_color__hover_enabled=&#8221;off&#8221; sticky_transition=&#8221;on&#8221;][\/et_pb_slide][et_pb_slide use_bg_overlay=&#8221;off&#8221; use_text_overlay=&#8221;off&#8221; _builder_version=&#8221;4.16&#8243; background_image=&#8221;https:\/\/naturoc.ca\/wp-content\/uploads\/2020\/02\/WEB_Naturoc_lifestyle_smokey_mountain_1920x800.jpg&#8221; background_enable_image=&#8221;on&#8221; button_on_hover=&#8221;on&#8221; global_colors_info=&#8221;{}&#8221; button_text_size__hover_enabled=&#8221;off&#8221; button_one_text_size__hover_enabled=&#8221;off&#8221; button_two_text_size__hover_enabled=&#8221;off&#8221; button_text_color__hover_enabled=&#8221;off&#8221; button_one_text_color__hover_enabled=&#8221;off&#8221; button_two_text_color__hover_enabled=&#8221;off&#8221; button_border_width__hover_enabled=&#8221;off&#8221; button_one_border_width__hover_enabled=&#8221;off&#8221; button_two_border_width__hover_enabled=&#8221;off&#8221; button_border_color__hover_enabled=&#8221;off&#8221; button_one_border_color__hover_enabled=&#8221;off&#8221; button_two_border_color__hover_enabled=&#8221;off&#8221; button_border_radius__hover_enabled=&#8221;off&#8221; button_one_border_radius__hover_enabled=&#8221;off&#8221; button_two_border_radius__hover_enabled=&#8221;off&#8221; button_letter_spacing__hover_enabled=&#8221;off&#8221; button_one_letter_spacing__hover_enabled=&#8221;off&#8221; button_two_letter_spacing__hover_enabled=&#8221;off&#8221; button_bg_color__hover_enabled=&#8221;off&#8221; button_one_bg_color__hover_enabled=&#8221;off&#8221; button_two_bg_color__hover_enabled=&#8221;off&#8221; sticky_transition=&#8221;on&#8221;][\/et_pb_slide][\/et_pb_fullwidth_slider][\/et_pb_section][et_pb_section fb_built=&#8221;1&#8243; _builder_version=&#8221;4.16&#8243; global_colors_info=&#8221;{}&#8221;][et_pb_row _builder_version=&#8221;4.16&#8243; global_colors_info=&#8221;{}&#8221;][et_pb_column type=&#8221;4_4&#8243; _builder_version=&#8221;4.16&#8243; custom_padding=&#8221;|||&#8221; global_colors_info=&#8221;{}&#8221; custom_padding__hover=&#8221;|||&#8221;][et_pb_text _builder_version=&#8221;4.25.1&#8243; hover_enabled=&#8221;0&#8243; global_colors_info=&#8221;{}&#8221; sticky_enabled=&#8221;0&#8243;]<\/p>\n<h1>NATUROC \u2013 O\u00d9 LE CHOIX COMMENCE<\/h1>\n<p>Ayant pignon sur rue au 9225 boulevard Saint-Laurent \u00e0 Montr\u00e9al depuis pr\u00e8s de 15 ans, Naturoc s\u00e9lectionne, importe et distribue l\u2019une des plus vastes gammes de pierre de granite au Canada. Reconnue dans l\u2019industrie comme la destination o\u00f9 trouver expertise, choix et prix comp\u00e9titifs, Naturoc vous propose une s\u00e9lection de pierres exclusives et exotiques. Notre avantage concurrentiel r\u00e9side principalement dans d\u2019acc\u00e8s \u00e0 un entrep\u00f4t parfaitement \u00e9clair\u00e9 qui vous permet d\u2019y appr\u00e9cier la s\u00e9lection de plus de 150 vari\u00e9t\u00e9s de pierres de diverses provenances.<\/p>\n<p>[\/et_pb_text][\/et_pb_column][\/et_pb_row][\/et_pb_section]<\/p>\n","protected":false},"excerpt":{"rendered":"<p>NATUROC \u2013 O\u00d9 LE CHOIX COMMENCE Ayant pignon sur rue au 9225 boulevard Saint-Laurent \u00e0 Montr\u00e9al depuis pr\u00e8s de 15 ans, Naturoc s\u00e9lectionne, importe et distribue l\u2019une des plus vastes gammes de pierre de granite au Canada. Reconnue dans l\u2019industrie comme la destination o\u00f9 trouver expertise, choix et prix comp\u00e9titifs, Naturoc vous propose une s\u00e9lection [&hellip;]<\/p>\n","protected":false},"author":1,"featured_media":6148,"parent":0,"menu_order":0,"comment_status":"closed","ping_status":"open","template":"","meta":{"_et_pb_use_builder":"on","_et_pb_old_content":"<p>Voici un exemple de page. Elle est diff\u00e9rente d\u2019un article de blogue, en cela qu\u2019elle restera \u00e0 la m\u00eame place, et s\u2019affichera dans le menu de navigation de votre site (en fonction de votre th\u00e8me). La plupart des gens commencent par \u00e9crire une page \u00ab\u00a0\u00c0 Propos\u00a0\u00bb qui les pr\u00e9sente aux visiteurs potentiels du site. Vous pourriez y \u00e9crire quelque chose de ce tenant\u00a0:<\/p><blockquote><p>Bonjour\u00a0! Je suis un m\u00e9canicien qui aspire \u00e0 devenir un acteur, et ceci est mon blogue. J\u2019habite \u00e0 Bordeaux, j\u2019ai un super chien qui s\u2019appelle Russell, et j\u2019aime la vodka-ananas (ainsi que perdre mon temps \u00e0 regarder la pluie tomber).<\/p><\/blockquote><p>...ou bien quelque chose comme cela\u00a0:<\/p><blockquote><p>La soci\u00e9t\u00e9 123 Machin Truc a \u00e9t\u00e9 cr\u00e9\u00e9e en 1971, et n\u2019a cess\u00e9 de proposer au public des machins-trucs de qualit\u00e9 depuis cette ann\u00e9e. Situ\u00e9e \u00e0 Saint-Remy-en-Bouzemont-Saint-Genest-et-Isson, 123 Machin Truc emploie 2\u00a0000 personnes, et fabrique toutes sortes de bidules super pour la communaut\u00e9 bouzemontoise.<\/p><\/blockquote><p>\u00c9tant donn\u00e9 que vous \u00eates un nouvel utilisateur ou une nouvelle utilisatrice de WordPress, vous devriez vous rendre sur votre <a href=\"https:\/\/naturoc.ca\/wp-admin\/\">tableau de bord<\/a> pour effacer la pr\u00e9sente page, et cr\u00e9er de nouvelles pages avec votre propre contenu. Amusez-vous bien\u00a0!<\/p>","_et_gb_content_width":"","footnotes":""},"class_list":["post-1764","page","type-page","status-publish","has-post-thumbnail","hentry"],"yoast_head":"<!-- This site is optimized with the Yoast SEO plugin v27.4 - https:\/\/yoast.com\/product\/yoast-seo-wordpress\/ -->\n<title>Ciot Distribution \u2013 Naturoc Natural Stones<\/title>\n<meta name=\"description\" content=\"Ciot Distribution Naturoc selects, imports and distributes one of the widest ranges of natural stones in Canada at competitive prices.\" \/>\n<meta name=\"robots\" content=\"index, follow, max-snippet:-1, max-image-preview:large, max-video-preview:-1\" \/>\n<link rel=\"canonical\" href=\"https:\/\/naturoc.ca\/en\/\" \/>\n<meta property=\"og:locale\" content=\"en_US\" \/>\n<meta property=\"og:type\" content=\"article\" \/>\n<meta property=\"og:title\" content=\"Ciot Distribution \u2013 Naturoc Natural Stones\" \/>\n<meta property=\"og:description\" content=\"Ciot Distribution Naturoc selects, imports and distributes one of the widest ranges of natural stones in Canada at competitive prices.\" \/>\n<meta property=\"og:url\" content=\"https:\/\/naturoc.ca\/en\/\" \/>\n<meta property=\"og:site_name\" content=\"Distribution of Naturoc slabs \u2013 Naturoc Natural Stones\" \/>\n<meta property=\"article:modified_time\" content=\"2025-09-15T01:52:47+00:00\" \/>\n<meta property=\"og:image\" content=\"https:\/\/naturoc.ca\/wp-content\/uploads\/2024\/03\/Logo_web-NB_2x.png\" \/>\n\t<meta property=\"og:image:width\" content=\"558\" \/>\n\t<meta property=\"og:image:height\" content=\"558\" \/>\n\t<meta property=\"og:image:type\" content=\"image\/png\" \/>\n<meta name=\"twitter:card\" content=\"summary_large_image\" \/>\n<meta name=\"twitter:label1\" content=\"Est. reading time\" \/>\n\t<meta name=\"twitter:data1\" content=\"1 minute\" \/>\n<script type=\"application\/ld+json\" class=\"yoast-schema-graph\">{\"@context\":\"https:\\\/\\\/schema.org\",\"@graph\":[{\"@type\":\"WebPage\",\"@id\":\"https:\\\/\\\/naturoc.ca\\\/en\\\/\",\"url\":\"https:\\\/\\\/naturoc.ca\\\/en\\\/\",\"name\":\"Ciot Distribution \u2013 Naturoc Natural Stones\",\"isPartOf\":{\"@id\":\"https:\\\/\\\/naturoc.ca\\\/en\\\/#website\"},\"primaryImageOfPage\":{\"@id\":\"https:\\\/\\\/naturoc.ca\\\/en\\\/#primaryimage\"},\"image\":{\"@id\":\"https:\\\/\\\/naturoc.ca\\\/en\\\/#primaryimage\"},\"thumbnailUrl\":\"https:\\\/\\\/naturoc.ca\\\/wp-content\\\/uploads\\\/2024\\\/03\\\/Logo_web-NB_2x.png\",\"datePublished\":\"2018-04-11T20:30:40+00:00\",\"dateModified\":\"2025-09-15T01:52:47+00:00\",\"description\":\"Ciot Distribution Naturoc selects, imports and distributes one of the widest ranges of natural stones in Canada at competitive prices.\",\"breadcrumb\":{\"@id\":\"https:\\\/\\\/naturoc.ca\\\/en\\\/#breadcrumb\"},\"inLanguage\":\"en-US\",\"potentialAction\":[{\"@type\":\"ReadAction\",\"target\":[\"https:\\\/\\\/naturoc.ca\\\/en\\\/\"]}]},{\"@type\":\"ImageObject\",\"inLanguage\":\"en-US\",\"@id\":\"https:\\\/\\\/naturoc.ca\\\/en\\\/#primaryimage\",\"url\":\"https:\\\/\\\/naturoc.ca\\\/wp-content\\\/uploads\\\/2024\\\/03\\\/Logo_web-NB_2x.png\",\"contentUrl\":\"https:\\\/\\\/naturoc.ca\\\/wp-content\\\/uploads\\\/2024\\\/03\\\/Logo_web-NB_2x.png\",\"width\":558,\"height\":558},{\"@type\":\"BreadcrumbList\",\"@id\":\"https:\\\/\\\/naturoc.ca\\\/en\\\/#breadcrumb\",\"itemListElement\":[{\"@type\":\"ListItem\",\"position\":1,\"name\":\"Accueil\",\"item\":\"https:\\\/\\\/naturoc.ca\\\/en\\\/\"},{\"@type\":\"ListItem\",\"position\":2,\"name\":\"Ciot Distribution \u2013 Naturoc Natural Stones\"}]},{\"@type\":\"WebSite\",\"@id\":\"https:\\\/\\\/naturoc.ca\\\/en\\\/#website\",\"url\":\"https:\\\/\\\/naturoc.ca\\\/en\\\/\",\"name\":\"Distribution of Naturoc slabs \u2013 Naturoc Natural Stones\",\"description\":\"Distribution of Naturoc slabs \u2013 Naturoc Natural Stones\",\"publisher\":{\"@id\":\"https:\\\/\\\/naturoc.ca\\\/en\\\/#organization\"},\"potentialAction\":[{\"@type\":\"SearchAction\",\"target\":{\"@type\":\"EntryPoint\",\"urlTemplate\":\"https:\\\/\\\/naturoc.ca\\\/en\\\/?s={search_term_string}\"},\"query-input\":{\"@type\":\"PropertyValueSpecification\",\"valueRequired\":true,\"valueName\":\"search_term_string\"}}],\"inLanguage\":\"en-US\"},{\"@type\":\"Organization\",\"@id\":\"https:\\\/\\\/naturoc.ca\\\/en\\\/#organization\",\"name\":\"Naturoc Pierre Naturelles\",\"url\":\"https:\\\/\\\/naturoc.ca\\\/en\\\/\",\"logo\":{\"@type\":\"ImageObject\",\"inLanguage\":\"en-US\",\"@id\":\"https:\\\/\\\/naturoc.ca\\\/en\\\/#\\\/schema\\\/logo\\\/image\\\/\",\"url\":\"https:\\\/\\\/naturoc.ca\\\/wp-content\\\/uploads\\\/2018\\\/04\\\/logo_naturoc_fr.svg\",\"contentUrl\":\"https:\\\/\\\/naturoc.ca\\\/wp-content\\\/uploads\\\/2018\\\/04\\\/logo_naturoc_fr.svg\",\"width\":121.2000000000000028421709430404007434844970703125,\"height\":81.2000000000000028421709430404007434844970703125,\"caption\":\"Naturoc Pierre Naturelles\"},\"image\":{\"@id\":\"https:\\\/\\\/naturoc.ca\\\/en\\\/#\\\/schema\\\/logo\\\/image\\\/\"}}]}<\/script>\n<!-- \/ Yoast SEO plugin. -->","yoast_head_json":{"title":"Ciot Distribution \u2013 Naturoc Natural Stones","description":"Ciot Distribution Naturoc selects, imports and distributes one of the widest ranges of natural stones in Canada at competitive prices.","robots":{"index":"index","follow":"follow","max-snippet":"max-snippet:-1","max-image-preview":"max-image-preview:large","max-video-preview":"max-video-preview:-1"},"canonical":"https:\/\/naturoc.ca\/en\/","og_locale":"en_US","og_type":"article","og_title":"Ciot Distribution \u2013 Naturoc Natural Stones","og_description":"Ciot Distribution Naturoc selects, imports and distributes one of the widest ranges of natural stones in Canada at competitive prices.","og_url":"https:\/\/naturoc.ca\/en\/","og_site_name":"Distribution of Naturoc slabs \u2013 Naturoc Natural Stones","article_modified_time":"2025-09-15T01:52:47+00:00","og_image":[{"width":558,"height":558,"url":"https:\/\/naturoc.ca\/wp-content\/uploads\/2024\/03\/Logo_web-NB_2x.png","type":"image\/png"}],"twitter_card":"summary_large_image","twitter_misc":{"Est. reading time":"1 minute"},"schema":{"@context":"https:\/\/schema.org","@graph":[{"@type":"WebPage","@id":"https:\/\/naturoc.ca\/en\/","url":"https:\/\/naturoc.ca\/en\/","name":"Ciot Distribution \u2013 Naturoc Natural Stones","isPartOf":{"@id":"https:\/\/naturoc.ca\/en\/#website"},"primaryImageOfPage":{"@id":"https:\/\/naturoc.ca\/en\/#primaryimage"},"image":{"@id":"https:\/\/naturoc.ca\/en\/#primaryimage"},"thumbnailUrl":"https:\/\/naturoc.ca\/wp-content\/uploads\/2024\/03\/Logo_web-NB_2x.png","datePublished":"2018-04-11T20:30:40+00:00","dateModified":"2025-09-15T01:52:47+00:00","description":"Ciot Distribution Naturoc selects, imports and distributes one of the widest ranges of natural stones in Canada at competitive prices.","breadcrumb":{"@id":"https:\/\/naturoc.ca\/en\/#breadcrumb"},"inLanguage":"en-US","potentialAction":[{"@type":"ReadAction","target":["https:\/\/naturoc.ca\/en\/"]}]},{"@type":"ImageObject","inLanguage":"en-US","@id":"https:\/\/naturoc.ca\/en\/#primaryimage","url":"https:\/\/naturoc.ca\/wp-content\/uploads\/2024\/03\/Logo_web-NB_2x.png","contentUrl":"https:\/\/naturoc.ca\/wp-content\/uploads\/2024\/03\/Logo_web-NB_2x.png","width":558,"height":558},{"@type":"BreadcrumbList","@id":"https:\/\/naturoc.ca\/en\/#breadcrumb","itemListElement":[{"@type":"ListItem","position":1,"name":"Accueil","item":"https:\/\/naturoc.ca\/en\/"},{"@type":"ListItem","position":2,"name":"Ciot Distribution \u2013 Naturoc Natural Stones"}]},{"@type":"WebSite","@id":"https:\/\/naturoc.ca\/en\/#website","url":"https:\/\/naturoc.ca\/en\/","name":"Distribution of Naturoc slabs \u2013 Naturoc Natural Stones","description":"Distribution of Naturoc slabs \u2013 Naturoc Natural Stones","publisher":{"@id":"https:\/\/naturoc.ca\/en\/#organization"},"potentialAction":[{"@type":"SearchAction","target":{"@type":"EntryPoint","urlTemplate":"https:\/\/naturoc.ca\/en\/?s={search_term_string}"},"query-input":{"@type":"PropertyValueSpecification","valueRequired":true,"valueName":"search_term_string"}}],"inLanguage":"en-US"},{"@type":"Organization","@id":"https:\/\/naturoc.ca\/en\/#organization","name":"Naturoc Pierre Naturelles","url":"https:\/\/naturoc.ca\/en\/","logo":{"@type":"ImageObject","inLanguage":"en-US","@id":"https:\/\/naturoc.ca\/en\/#\/schema\/logo\/image\/","url":"https:\/\/naturoc.ca\/wp-content\/uploads\/2018\/04\/logo_naturoc_fr.svg","contentUrl":"https:\/\/naturoc.ca\/wp-content\/uploads\/2018\/04\/logo_naturoc_fr.svg","width":121.2000000000000028421709430404007434844970703125,"height":81.2000000000000028421709430404007434844970703125,"caption":"Naturoc Pierre Naturelles"},"image":{"@id":"https:\/\/naturoc.ca\/en\/#\/schema\/logo\/image\/"}}]}},"_links":{"self":[{"href":"https:\/\/naturoc.ca\/en\/wp-json\/wp\/v2\/pages\/1764","targetHints":{"allow":["GET"]}}],"collection":[{"href":"https:\/\/naturoc.ca\/en\/wp-json\/wp\/v2\/pages"}],"about":[{"href":"https:\/\/naturoc.ca\/en\/wp-json\/wp\/v2\/types\/page"}],"author":[{"embeddable":true,"href":"https:\/\/naturoc.ca\/en\/wp-json\/wp\/v2\/users\/1"}],"replies":[{"embeddable":true,"href":"https:\/\/naturoc.ca\/en\/wp-json\/wp\/v2\/comments?post=1764"}],"version-history":[{"count":28,"href":"https:\/\/naturoc.ca\/en\/wp-json\/wp\/v2\/pages\/1764\/revisions"}],"predecessor-version":[{"id":7181,"href":"https:\/\/naturoc.ca\/en\/wp-json\/wp\/v2\/pages\/1764\/revisions\/7181"}],"wp:featuredmedia":[{"embeddable":true,"href":"https:\/\/naturoc.ca\/en\/wp-json\/wp\/v2\/media\/6148"}],"wp:attachment":[{"href":"https:\/\/naturoc.ca\/en\/wp-json\/wp\/v2\/media?parent=1764"}],"curies":[{"name":"wp","href":"https:\/\/api.w.org\/{rel}","templated":true}]}}